{"id":2387,"date":"2024-02-10T09:48:32","date_gmt":"2024-02-10T08:48:32","guid":{"rendered":"https:\/\/crackvictorfm.com\/?page_id=2387"},"modified":"2024-07-25T16:55:38","modified_gmt":"2024-07-25T14:55:38","slug":"aviso-legal","status":"publish","type":"page","link":"https:\/\/crackvictorfm.com\/index.php\/aviso-legal\/","title":{"rendered":"Aviso Legal"},"content":{"rendered":"\n<div style=\"height:150px\" aria-hidden=\"true\" class=\"wp-block-spacer\"><\/div>\n\n\n\n<h2 class=\"wp-block-heading\">Aviso Legal<\/h2>\n\n\n\n<p>En cumplimiento con el deber de informaci\u00f3n recogido en art\u00edculo 10 de la Ley 34\/2002, de 11 de julio, de Servicios de la Sociedad de la Informaci\u00f3n y de Comercio Electr\u00f3nico, a continuaci\u00f3n, se proporciona la siguiente informaci\u00f3n legal:<\/p>\n\n\n\n<p><strong>Titular del Sitio Web:<\/strong> crackvictorfm.com<\/p>\n\n\n\n<p><strong>Propiedad Intelectual y Industrial:<\/strong> Todos los derechos de propiedad intelectual e industrial del sitio web y de sus contenidos (textos, im\u00e1genes, dise\u00f1os gr\u00e1ficos, logotipos, etc.) son propiedad exclusiva de [Nombre de la Empresa\/Persona], o de terceros que han autorizado su uso. Queda prohibida cualquier reproducci\u00f3n, distribuci\u00f3n, comunicaci\u00f3n p\u00fablica, transformaci\u00f3n o cualquier otra actividad que se pueda realizar con los contenidos de este sitio web sin la previa autorizaci\u00f3n expresa de crackvictorfm.com.<\/p>\n\n\n\n<p><strong>Responsabilidad:<\/strong> crackvictorfm.com no se hace responsable del uso indebido que se pueda hacer de la informaci\u00f3n proporcionada en este sitio web. Tampoco asume ninguna responsabilidad derivada de la falta de veracidad, integridad, actualizaci\u00f3n y precisi\u00f3n de los datos o informaciones que se contienen en el mismo.<\/p>\n\n\n\n<p><strong>Enlaces:<\/strong> Este sitio web puede contener enlaces a sitios web de terceros. Crackvictorfm.com no asume ninguna responsabilidad por el contenido, informaciones o servicios que puedan aparecer en estos sitios, que tienen car\u00e1cter exclusivamente informativo y que en ning\u00fan caso implican relaci\u00f3n alguna entre crackvictorfm.com y las personas o entidades titulares de tales contenidos o titulares de los sitios donde se encuentren.<\/p>\n\n\n\n<p><strong>Legislaci\u00f3n Aplicable:<\/strong> El presente aviso legal se rige en todos y cada uno de sus extremos por la legislaci\u00f3n espa\u00f1ola.<\/p>\n\n\n\n<p><strong>Jurisdicci\u00f3n:<\/strong> Para la resoluci\u00f3n de cualquier controversia que pudiera surgir en relaci\u00f3n con el sitio web o la actividad que en \u00e9l se desarrolla, renunciando expresamente el usuario a cualquier otro fuero que pudiera corresponderle.<\/p>\n\n\n\n<p><strong>Pol\u00edtica de Privacidad:<\/strong> Para conocer c\u00f3mo tratamos tus datos personales, por favor consulta nuestra Pol\u00edtica de Privacidad. https:\/\/crackvictorfm.com\/index.php\/politica-de-privacidad\/<\/p>\n\n\n\n<p><strong>Pol\u00edtica de Cookies:<\/strong> Para conocer c\u00f3mo tratamos tus datos personales, por favor consulta nuestra Pol\u00edtica de Cookies. https:\/\/crackvictorfm.com\/index.php\/politica-cookies\/<\/p>\n\n\n\n<div style=\"height:100px\" aria-hidden=\"true\" class=\"wp-block-spacer\"><\/div>\n","protected":false},"excerpt":{"rendered":"<p>Aviso Legal En cumplimiento con el deber de informaci\u00f3n recogido en art\u00edculo 10 de la Ley 34\/2002, de 11 de [&hellip;]<\/p>\n","protected":false},"author":1,"featured_media":0,"parent":0,"menu_order":0,"comment_status":"closed","ping_status":"closed","template":"","meta":{"_uf_show_specific_survey":0,"_uf_disable_surveys":false,"site-sidebar-layout":"default","site-content-layout":"","ast-site-content-layout":"default","site-content-style":"default","site-sidebar-style":"default","ast-global-header-display":"","ast-banner-title-visibility":"","ast-main-header-display":"","ast-hfb-above-header-display":"","ast-hfb-below-header-display":"","ast-hfb-mobile-header-display":"","site-post-title":"","ast-breadcrumbs-content":"","ast-featured-img":"","footer-sml-layout":"","theme-transparent-header-meta":"","adv-header-id-meta":"","stick-header-meta":"","header-above-stick-meta":"","header-main-stick-meta":"","header-below-stick-meta":"","astra-migrate-meta-layouts":"default","ast-page-background-enabled":"default","ast-page-background-meta":{"desktop":{"background-color":"var(--ast-global-color-4)","background-image":"","background-repeat":"repeat","background-position":"center center","background-size":"auto","background-attachment":"scroll","background-type":"","background-media":"","overlay-type":"","overlay-color":"","overlay-opacity":"","overlay-gradient":""},"tablet":{"background-color":"","background-image":"","background-repeat":"repeat","background-position":"center center","background-size":"auto","background-attachment":"scroll","background-type":"","background-media":"","overlay-type":"","overlay-color":"","overlay-opacity":"","overlay-gradient":""},"mobile":{"background-color":"","background-image":"","background-repeat":"repeat","background-position":"center center","background-size":"auto","background-attachment":"scroll","background-type":"","background-media":"","overlay-type":"","overlay-color":"","overlay-opacity":"","overlay-gradient":""}},"ast-content-background-meta":{"desktop":{"background-color":"var(--ast-global-color-5)","background-image":"","background-repeat":"repeat","background-position":"center center","background-size":"auto","background-attachment":"scroll","background-type":"","background-media":"","overlay-type":"","overlay-color":"","overlay-opacity":"","overlay-gradient":""},"tablet":{"background-color":"var(--ast-global-color-5)","background-image":"","background-repeat":"repeat","background-position":"center center","background-size":"auto","background-attachment":"scroll","background-type":"","background-media":"","overlay-type":"","overlay-color":"","overlay-opacity":"","overlay-gradient":""},"mobile":{"background-color":"var(--ast-global-color-5)","background-image":"","background-repeat":"repeat","background-position":"center center","background-size":"auto","background-attachment":"scroll","background-type":"","background-media":"","overlay-type":"","overlay-color":"","overlay-opacity":"","overlay-gradient":""}},"footnotes":""},"class_list":["post-2387","page","type-page","status-publish","hentry"],"_links":{"self":[{"href":"https:\/\/crackvictorfm.com\/index.php\/wp-json\/wp\/v2\/pages\/2387","targetHints":{"allow":["GET"]}}],"collection":[{"href":"https:\/\/crackvictorfm.com\/index.php\/wp-json\/wp\/v2\/pages"}],"about":[{"href":"https:\/\/crackvictorfm.com\/index.php\/wp-json\/wp\/v2\/types\/page"}],"author":[{"embeddable":true,"href":"https:\/\/crackvictorfm.com\/index.php\/wp-json\/wp\/v2\/users\/1"}],"replies":[{"embeddable":true,"href":"https:\/\/crackvictorfm.com\/index.php\/wp-json\/wp\/v2\/comments?post=2387"}],"version-history":[{"count":4,"href":"https:\/\/crackvictorfm.com\/index.php\/wp-json\/wp\/v2\/pages\/2387\/revisions"}],"predecessor-version":[{"id":2814,"href":"https:\/\/crackvictorfm.com\/index.php\/wp-json\/wp\/v2\/pages\/2387\/revisions\/2814"}],"wp:attachment":[{"href":"https:\/\/crackvictorfm.com\/index.php\/wp-json\/wp\/v2\/media?parent=2387"}],"curies":[{"name":"wp","href":"https:\/\/api.w.org\/{rel}","templated":true}]}}